{"id":5812,"date":"2022-08-25T22:57:13","date_gmt":"2022-08-25T22:57:13","guid":{"rendered":"https:\/\/riccardosstmoritz.com\/veranstaltungen\/"},"modified":"2023-08-07T17:56:37","modified_gmt":"2023-08-07T17:56:37","slug":"veranstaltungen","status":"publish","type":"page","link":"https:\/\/riccardosstmoritz.com\/de\/veranstaltungen\/","title":{"rendered":"Veranstaltungen"},"content":{"rendered":"<p>[et_pb_section fb_built=&#8220;1&#8243; _builder_version=&#8220;4.18.0&#8243; _module_preset=&#8220;default&#8220; global_colors_info=&#8220;{}&#8220;][et_pb_row column_structure=&#8220;1_2,1_2&#8243; make_equal=&#8220;on&#8220; _builder_version=&#8220;4.19.5&#8243; _module_preset=&#8220;default&#8220; width=&#8220;100%&#8220; custom_padding=&#8220;|25px||25px|false|true&#8220; custom_css_main_element=&#8220;align-items: center;&#8220; global_colors_info=&#8220;{}&#8220;][et_pb_column type=&#8220;1_2&#8243; _builder_version=&#8220;4.18.0&#8243; _module_preset=&#8220;default&#8220; global_colors_info=&#8220;{}&#8220;][et_pb_text _builder_version=&#8220;4.19.5&#8243; _module_preset=&#8220;default&#8220; header_2_font=&#8220;EB Garamond|||on|||||&#8220; header_2_text_color=&#8220;#262626&#8243; header_2_font_size=&#8220;36px&#8220; header_2_line_height=&#8220;1.4em&#8220; custom_margin=&#8220;||10px||false|false&#8220; global_colors_info=&#8220;{}&#8220;]<\/p>\n<h2>Geburtstagsfeier bei Riccardo&#8217;s<\/h2>\n<p>[\/et_pb_text][et_pb_text _builder_version=&#8220;4.19.5&#8243; _module_preset=&#8220;default&#8220; text_font=&#8220;Lora||on||||||&#8220; text_text_color=&#8220;#262626&#8243; text_font_size=&#8220;18px&#8220; text_line_height=&#8220;1.5em&#8220; global_colors_info=&#8220;{}&#8220;]<\/p>\n<p>Riccardo&#8217;s ist der perfekte Ort f\u00fcr Sie, Ihre Familie und Ihre Freunde, um Ihren Geburtstag zu feiern. Wir haben auch unser spezielles Riccardo&#8217;s Birthday Package im Angebot. Dazu geh\u00f6rt unsere Riccardo&#8217;s Birthday Cake, die serviert wird, w\u00e4hrend im ganzen Restaurant ein lauter, peppiger Song gespielt wird, der Ihren Tisch zum Mittelpunkt der Aufmerksamkeit macht.<\/p>\n<p>[\/et_pb_text][\/et_pb_column][et_pb_column type=&#8220;1_2&#8243; _builder_version=&#8220;4.18.0&#8243; _module_preset=&#8220;default&#8220; global_colors_info=&#8220;{}&#8220;][et_pb_image src=&#8220;https:\/\/riccardosstmoritz.com\/wp-content\/uploads\/2022\/09\/riccardos-restaurant-38.jpg&#8220; title_text=&#8220;riccardos-restaurant-38&#8243; _builder_version=&#8220;4.19.5&#8243; _module_preset=&#8220;default&#8220; global_colors_info=&#8220;{}&#8220;][\/et_pb_image][\/et_pb_column][\/et_pb_row][et_pb_row column_structure=&#8220;1_2,1_2&#8243; make_equal=&#8220;on&#8220; _builder_version=&#8220;4.19.5&#8243; _module_preset=&#8220;default&#8220; width=&#8220;100%&#8220; custom_padding=&#8220;|25px||25px|false|true&#8220; custom_css_main_element=&#8220;align-items: center;&#8220; global_colors_info=&#8220;{}&#8220;][et_pb_column type=&#8220;1_2&#8243; _builder_version=&#8220;4.19.5&#8243; _module_preset=&#8220;default&#8220; global_colors_info=&#8220;{}&#8220;][et_pb_image src=&#8220;https:\/\/riccardosstmoritz.com\/wp-content\/uploads\/2022\/09\/riccardos-restaurant-6.jpg&#8220; title_text=&#8220;riccardos-restaurant-6&#8243; _builder_version=&#8220;4.19.5&#8243; _module_preset=&#8220;default&#8220; global_colors_info=&#8220;{}&#8220;][\/et_pb_image][\/et_pb_column][et_pb_column type=&#8220;1_2&#8243; _builder_version=&#8220;4.19.5&#8243; _module_preset=&#8220;default&#8220; global_colors_info=&#8220;{}&#8220;][et_pb_text _builder_version=&#8220;4.19.5&#8243; _module_preset=&#8220;default&#8220; header_2_font=&#8220;EB Garamond|||on|||||&#8220; header_2_text_color=&#8220;#262626&#8243; header_2_font_size=&#8220;36px&#8220; header_2_line_height=&#8220;1.4em&#8220; custom_margin=&#8220;||10px||false|false&#8220; global_colors_info=&#8220;{}&#8220;]<\/p>\n<h2>private Veranstaltung<\/h2>\n<p>[\/et_pb_text][et_pb_text _builder_version=&#8220;4.19.5&#8243; _module_preset=&#8220;default&#8220; text_font=&#8220;Lora||on||||||&#8220; text_text_color=&#8220;#262626&#8243; text_font_size=&#8220;18px&#8220; text_line_height=&#8220;1.5em&#8220; global_colors_info=&#8220;{}&#8220;]<\/p>\n<p>Suchen Sie einen besonderen Ort f\u00fcr Ihre n\u00e4chste private Veranstaltung? Unser Restaurant bietet den perfekten Rahmen f\u00fcr eine Vielzahl von Anl\u00e4ssen. Unser engagiertes Veranstaltungsteam stellt gemeinsam mit Ihnen ein ma\u00dfgeschneidertes Men\u00fc und Getr\u00e4nkepaket zusammen und sorgt daf\u00fcr, dass Ihre G\u00e4ste gut versorgt sind. Nehmen Sie noch heute Kontakt mit uns auf, um Ihre Veranstaltungsanforderungen zu besprechen und eine Buchung vorzunehmen.<\/p>\n<p>[\/et_pb_text][\/et_pb_column][\/et_pb_row][\/et_pb_section]<\/p>\n","protected":false},"excerpt":{"rendered":"<p>Geburtstagsfeier bei Riccardo&#8217;sRiccardo&#8217;s ist der perfekte Ort f\u00fcr Sie, Ihre Familie und Ihre Freunde, um Ihren Geburtstag zu feiern. Wir haben auch unser spezielles Riccardo&#8217;s Birthday Package im Angebot. Dazu geh\u00f6rt unsere Riccardo&#8217;s Birthday Cake, die serviert wird, w\u00e4hrend im ganzen Restaurant ein lauter, peppiger Song gespielt wird, der Ihren Tisch zum Mittelpunkt der Aufmerksamkeit [&hellip;]<\/p>\n","protected":false},"author":1,"featured_media":0,"parent":0,"menu_order":0,"comment_status":"closed","ping_status":"closed","template":"","meta":{"_et_pb_use_builder":"on","_et_pb_old_content":"","_et_gb_content_width":"","footnotes":""},"class_list":["post-5812","page","type-page","status-publish","hentry"],"yoast_head":"<!-- This site is optimized with the Yoast SEO plugin v27.4 - https:\/\/yoast.com\/product\/yoast-seo-wordpress\/ -->\n<title>Ihre Geburtstagsfeier und Veranstaltungen in Riccardo&#039;s Restaurants<\/title>\n<meta name=\"description\" content=\"Buchen Sie Ihre Geburtstagsfeier oder die eines Ihrer Lieben in einem unserer Riccardo&#039;s Restaurants!\" \/>\n<meta name=\"robots\" content=\"index, follow, max-snippet:-1, max-image-preview:large, max-video-preview:-1\" \/>\n<link rel=\"canonical\" href=\"https:\/\/riccardosstmoritz.com\/de\/veranstaltungen\/\" \/>\n<meta property=\"og:locale\" content=\"de_DE\" \/>\n<meta property=\"og:type\" content=\"article\" \/>\n<meta property=\"og:title\" content=\"Ihre Geburtstagsfeier und Veranstaltungen in Riccardo&#039;s Restaurants\" \/>\n<meta property=\"og:description\" content=\"Buchen Sie Ihre Geburtstagsfeier oder die eines Ihrer Lieben in einem unserer Riccardo&#039;s Restaurants!\" \/>\n<meta property=\"og:url\" content=\"https:\/\/riccardosstmoritz.com\/de\/veranstaltungen\/\" \/>\n<meta property=\"og:site_name\" content=\"Pizzeria Restaurant Riccardo&#039;s in St.Moritz, Pontresina and Sils\" \/>\n<meta property=\"article:publisher\" content=\"https:\/\/www.facebook.com\/FrancescoStilly\" \/>\n<meta property=\"article:modified_time\" content=\"2023-08-07T17:56:37+00:00\" \/>\n<meta property=\"og:image\" content=\"https:\/\/riccardosstmoritz.com\/wp-content\/uploads\/2023\/02\/riccardos-featured-default.png\" \/>\n\t<meta property=\"og:image:width\" content=\"1200\" \/>\n\t<meta property=\"og:image:height\" content=\"675\" \/>\n\t<meta property=\"og:image:type\" content=\"image\/png\" \/>\n<meta name=\"twitter:card\" content=\"summary_large_image\" \/>\n<meta name=\"twitter:label1\" content=\"Gesch\u00e4tzte Lesezeit\" \/>\n\t<meta name=\"twitter:data1\" content=\"2\u00a0Minuten\" \/>\n<script type=\"application\/ld+json\" class=\"yoast-schema-graph\">{\"@context\":\"https:\\\/\\\/schema.org\",\"@graph\":[{\"@type\":\"WebPage\",\"@id\":\"https:\\\/\\\/riccardosstmoritz.com\\\/de\\\/veranstaltungen\\\/\",\"url\":\"https:\\\/\\\/riccardosstmoritz.com\\\/de\\\/veranstaltungen\\\/\",\"name\":\"Ihre Geburtstagsfeier und Veranstaltungen in Riccardo's Restaurants\",\"isPartOf\":{\"@id\":\"https:\\\/\\\/riccardosstmoritz.com\\\/de\\\/#website\"},\"datePublished\":\"2022-08-25T22:57:13+00:00\",\"dateModified\":\"2023-08-07T17:56:37+00:00\",\"description\":\"Buchen Sie Ihre Geburtstagsfeier oder die eines Ihrer Lieben in einem unserer Riccardo's Restaurants!\",\"breadcrumb\":{\"@id\":\"https:\\\/\\\/riccardosstmoritz.com\\\/de\\\/veranstaltungen\\\/#breadcrumb\"},\"inLanguage\":\"de\",\"potentialAction\":[{\"@type\":\"ReadAction\",\"target\":[\"https:\\\/\\\/riccardosstmoritz.com\\\/de\\\/veranstaltungen\\\/\"]}]},{\"@type\":\"BreadcrumbList\",\"@id\":\"https:\\\/\\\/riccardosstmoritz.com\\\/de\\\/veranstaltungen\\\/#breadcrumb\",\"itemListElement\":[{\"@type\":\"ListItem\",\"position\":1,\"name\":\"Home\",\"item\":\"https:\\\/\\\/riccardosstmoritz.com\\\/de\\\/\"},{\"@type\":\"ListItem\",\"position\":2,\"name\":\"Veranstaltungen\"}]},{\"@type\":\"WebSite\",\"@id\":\"https:\\\/\\\/riccardosstmoritz.com\\\/de\\\/#website\",\"url\":\"https:\\\/\\\/riccardosstmoritz.com\\\/de\\\/\",\"name\":\"Riccardo's Restaurant\",\"description\":\"Authentic Italian food served with a smile in all of our Riccardo&#039;s locations\",\"publisher\":{\"@id\":\"https:\\\/\\\/riccardosstmoritz.com\\\/de\\\/#organization\"},\"alternateName\":\"Riccardo's\",\"potentialAction\":[{\"@type\":\"SearchAction\",\"target\":{\"@type\":\"EntryPoint\",\"urlTemplate\":\"https:\\\/\\\/riccardosstmoritz.com\\\/de\\\/?s={search_term_string}\"},\"query-input\":{\"@type\":\"PropertyValueSpecification\",\"valueRequired\":true,\"valueName\":\"search_term_string\"}}],\"inLanguage\":\"de\"},{\"@type\":\"Organization\",\"@id\":\"https:\\\/\\\/riccardosstmoritz.com\\\/de\\\/#organization\",\"name\":\"Riccardo's Restaurant\",\"url\":\"https:\\\/\\\/riccardosstmoritz.com\\\/de\\\/\",\"logo\":{\"@type\":\"ImageObject\",\"inLanguage\":\"de\",\"@id\":\"https:\\\/\\\/riccardosstmoritz.com\\\/de\\\/#\\\/schema\\\/logo\\\/image\\\/\",\"url\":\"https:\\\/\\\/riccardosstmoritz.com\\\/wp-content\\\/uploads\\\/2022\\\/08\\\/riccardos-logo-new-favicon.png\",\"contentUrl\":\"https:\\\/\\\/riccardosstmoritz.com\\\/wp-content\\\/uploads\\\/2022\\\/08\\\/riccardos-logo-new-favicon.png\",\"width\":257,\"height\":257,\"caption\":\"Riccardo's Restaurant\"},\"image\":{\"@id\":\"https:\\\/\\\/riccardosstmoritz.com\\\/de\\\/#\\\/schema\\\/logo\\\/image\\\/\"},\"sameAs\":[\"https:\\\/\\\/www.facebook.com\\\/FrancescoStilly\",\"https:\\\/\\\/www.instagram.com\\\/riccardos.stmoritz\\\/\"]}]}<\/script>\n<!-- \/ Yoast SEO plugin. -->","yoast_head_json":{"title":"Ihre Geburtstagsfeier und Veranstaltungen in Riccardo's Restaurants","description":"Buchen Sie Ihre Geburtstagsfeier oder die eines Ihrer Lieben in einem unserer Riccardo's Restaurants!","robots":{"index":"index","follow":"follow","max-snippet":"max-snippet:-1","max-image-preview":"max-image-preview:large","max-video-preview":"max-video-preview:-1"},"canonical":"https:\/\/riccardosstmoritz.com\/de\/veranstaltungen\/","og_locale":"de_DE","og_type":"article","og_title":"Ihre Geburtstagsfeier und Veranstaltungen in Riccardo's Restaurants","og_description":"Buchen Sie Ihre Geburtstagsfeier oder die eines Ihrer Lieben in einem unserer Riccardo's Restaurants!","og_url":"https:\/\/riccardosstmoritz.com\/de\/veranstaltungen\/","og_site_name":"Pizzeria Restaurant Riccardo&#039;s in St.Moritz, Pontresina and Sils","article_publisher":"https:\/\/www.facebook.com\/FrancescoStilly","article_modified_time":"2023-08-07T17:56:37+00:00","og_image":[{"width":1200,"height":675,"url":"https:\/\/riccardosstmoritz.com\/wp-content\/uploads\/2023\/02\/riccardos-featured-default.png","type":"image\/png"}],"twitter_card":"summary_large_image","twitter_misc":{"Gesch\u00e4tzte Lesezeit":"2\u00a0Minuten"},"schema":{"@context":"https:\/\/schema.org","@graph":[{"@type":"WebPage","@id":"https:\/\/riccardosstmoritz.com\/de\/veranstaltungen\/","url":"https:\/\/riccardosstmoritz.com\/de\/veranstaltungen\/","name":"Ihre Geburtstagsfeier und Veranstaltungen in Riccardo's Restaurants","isPartOf":{"@id":"https:\/\/riccardosstmoritz.com\/de\/#website"},"datePublished":"2022-08-25T22:57:13+00:00","dateModified":"2023-08-07T17:56:37+00:00","description":"Buchen Sie Ihre Geburtstagsfeier oder die eines Ihrer Lieben in einem unserer Riccardo's Restaurants!","breadcrumb":{"@id":"https:\/\/riccardosstmoritz.com\/de\/veranstaltungen\/#breadcrumb"},"inLanguage":"de","potentialAction":[{"@type":"ReadAction","target":["https:\/\/riccardosstmoritz.com\/de\/veranstaltungen\/"]}]},{"@type":"BreadcrumbList","@id":"https:\/\/riccardosstmoritz.com\/de\/veranstaltungen\/#breadcrumb","itemListElement":[{"@type":"ListItem","position":1,"name":"Home","item":"https:\/\/riccardosstmoritz.com\/de\/"},{"@type":"ListItem","position":2,"name":"Veranstaltungen"}]},{"@type":"WebSite","@id":"https:\/\/riccardosstmoritz.com\/de\/#website","url":"https:\/\/riccardosstmoritz.com\/de\/","name":"Riccardo's Restaurant","description":"Authentic Italian food served with a smile in all of our Riccardo&#039;s locations","publisher":{"@id":"https:\/\/riccardosstmoritz.com\/de\/#organization"},"alternateName":"Riccardo's","potentialAction":[{"@type":"SearchAction","target":{"@type":"EntryPoint","urlTemplate":"https:\/\/riccardosstmoritz.com\/de\/?s={search_term_string}"},"query-input":{"@type":"PropertyValueSpecification","valueRequired":true,"valueName":"search_term_string"}}],"inLanguage":"de"},{"@type":"Organization","@id":"https:\/\/riccardosstmoritz.com\/de\/#organization","name":"Riccardo's Restaurant","url":"https:\/\/riccardosstmoritz.com\/de\/","logo":{"@type":"ImageObject","inLanguage":"de","@id":"https:\/\/riccardosstmoritz.com\/de\/#\/schema\/logo\/image\/","url":"https:\/\/riccardosstmoritz.com\/wp-content\/uploads\/2022\/08\/riccardos-logo-new-favicon.png","contentUrl":"https:\/\/riccardosstmoritz.com\/wp-content\/uploads\/2022\/08\/riccardos-logo-new-favicon.png","width":257,"height":257,"caption":"Riccardo's Restaurant"},"image":{"@id":"https:\/\/riccardosstmoritz.com\/de\/#\/schema\/logo\/image\/"},"sameAs":["https:\/\/www.facebook.com\/FrancescoStilly","https:\/\/www.instagram.com\/riccardos.stmoritz\/"]}]}},"_links":{"self":[{"href":"https:\/\/riccardosstmoritz.com\/de\/wp-json\/wp\/v2\/pages\/5812","targetHints":{"allow":["GET"]}}],"collection":[{"href":"https:\/\/riccardosstmoritz.com\/de\/wp-json\/wp\/v2\/pages"}],"about":[{"href":"https:\/\/riccardosstmoritz.com\/de\/wp-json\/wp\/v2\/types\/page"}],"author":[{"embeddable":true,"href":"https:\/\/riccardosstmoritz.com\/de\/wp-json\/wp\/v2\/users\/1"}],"replies":[{"embeddable":true,"href":"https:\/\/riccardosstmoritz.com\/de\/wp-json\/wp\/v2\/comments?post=5812"}],"version-history":[{"count":0,"href":"https:\/\/riccardosstmoritz.com\/de\/wp-json\/wp\/v2\/pages\/5812\/revisions"}],"wp:attachment":[{"href":"https:\/\/riccardosstmoritz.com\/de\/wp-json\/wp\/v2\/media?parent=5812"}],"curies":[{"name":"wp","href":"https:\/\/api.w.org\/{rel}","templated":true}]}}